{"id":16,"date":"2014-03-04T19:02:37","date_gmt":"2014-03-04T17:02:37","guid":{"rendered":"https:\/\/mv-cup.de\/?page_id=16"},"modified":"2016-03-02T16:18:56","modified_gmt":"2016-03-02T14:18:56","slug":"teilnehmer-2014","status":"publish","type":"page","link":"https:\/\/mv-cup.de\/?page_id=16","title":{"rendered":"Teilnehmer 2014"},"content":{"rendered":"<p style=\"text-align: center;\"><strong><span style=\"color: #808080;\">Teilnehmer 2014<\/span><\/strong><\/p>\n<p style=\"text-align: center;\"><span style=\"color: #808080;\">Lindholz (M\u00e4nner)<\/span><\/p>\n<p style=\"text-align: center;\"><span style=\"color: #808080;\">Lindholz (Frauen)<\/span><\/p>\n<p style=\"text-align: center;\"><span style=\"color: #808080;\">Plasten (M\u00e4nner)<\/span><\/p>\n<p style=\"text-align: center;\"><span style=\"color: #808080;\">Gresse (Frauen)<\/span><\/p>\n<p style=\"text-align: center;\"><span style=\"color: #808080;\">Gresse (M\u00e4nner)<\/span><\/p>\n<p style=\"text-align: center;\"><span style=\"color: #808080;\">Schwanheide (M\u00e4nner)<\/span><\/p>\n<p style=\"text-align: center;\"><span style=\"color: #808080;\">Schwanheide (Frauen)<\/span><\/p>\n<p style=\"text-align: center;\"><span style=\"color: #808080;\">Schildetal (M\u00e4nner)<\/span><\/p>\n<p style=\"text-align: center;\"><span style=\"color: #808080;\">L\u00fcbow (M\u00e4nner)<\/span><\/p>\n<p style=\"text-align: center;\"><span style=\"color: #808080;\">Techentin (M\u00e4nner)<\/span><\/p>\n<p style=\"text-align: center;\"><span style=\"color: #808080;\">Feuerwehrsportteam Altentreptow (M\u00e4nner)<\/span><\/p>\n<p style=\"text-align: center;\"><span style=\"color: #808080;\">Neukloster (M\u00e4nner)<\/span><\/p>\n<p style=\"text-align: center;\"><span style=\"color: #808080;\">Stove (M\u00e4nner)<\/span><\/p>\n<p style=\"text-align: center;\"><span style=\"color: #808080;\">Rostock (Frauen)<\/span><\/p>\n<p style=\"text-align: center;\"><span style=\"color: #808080;\">Rostock (M\u00e4nner)<\/span><\/p>\n<p style=\"text-align: center;\"><span style=\"color: #808080;\">Team Eldetal (M\u00e4nner)<\/span><\/p>\n<p style=\"text-align: center;\"><span style=\"color: #808080;\">Hohewisch (M\u00e4nner)<\/span><\/p>\n<p style=\"text-align: center;\"><span style=\"color: #808080;\">Gro\u00df Warnow (M\u00e4nner)<\/span><\/p>\n<p style=\"text-align: center;\"><span style=\"color: #808080;\">Kummer (M\u00e4nner)<\/span><\/p>\n<p style=\"text-align: center;\"><span style=\"color: #808080;\">Hohen Viecheln (M\u00e4nner)<\/span><\/p>\n<p style=\"text-align: center;\"><span style=\"color: #808080;\">Team Boizetal (M\u00e4nner)<\/span><\/p>\n<p style=\"text-align: center;\"><span style=\"color: #808080;\">Schwerin Warnitz (M\u00e4nner)<\/span><\/p>\n<p>&nbsp;<\/p>\n","protected":false},"excerpt":{"rendered":"<p>Teilnehmer 2014 Lindholz (M\u00e4nner) Lindholz (Frauen) Plasten (M\u00e4nner) Gresse (Frauen) Gresse (M\u00e4nner) Schwanheide (M\u00e4nner) Schwanheide (Frauen) Schildetal (M\u00e4nner) L\u00fcbow (M\u00e4nner) Techentin (M\u00e4nner) Feuerwehrsportteam Altentreptow (M\u00e4nner) Neukloster (M\u00e4nner) Stove (M\u00e4nner) Rostock (Frauen) Rostock (M\u00e4nner) Team Eldetal (M\u00e4nner) Hohewisch (M\u00e4nner) Gro\u00df Warnow &hellip; <a href=\"https:\/\/mv-cup.de\/?page_id=16\">Continue reading <span class=\"meta-nav\">&rarr;<\/span><\/a><\/p>\n","protected":false},"author":2,"featured_media":0,"parent":269,"menu_order":2,"comment_status":"closed","ping_status":"closed","template":"onecolumn-page.php","meta":[],"_links":{"self":[{"href":"https:\/\/mv-cup.de\/index.php?rest_route=\/wp\/v2\/pages\/16"}],"collection":[{"href":"https:\/\/mv-cup.de\/index.php?rest_route=\/wp\/v2\/pages"}],"about":[{"href":"https:\/\/mv-cup.de\/index.php?rest_route=\/wp\/v2\/types\/page"}],"author":[{"embeddable":true,"href":"https:\/\/mv-cup.de\/index.php?rest_route=\/wp\/v2\/users\/2"}],"replies":[{"embeddable":true,"href":"https:\/\/mv-cup.de\/index.php?rest_route=%2Fwp%2Fv2%2Fcomments&post=16"}],"version-history":[{"count":23,"href":"https:\/\/mv-cup.de\/index.php?rest_route=\/wp\/v2\/pages\/16\/revisions"}],"predecessor-version":[{"id":356,"href":"https:\/\/mv-cup.de\/index.php?rest_route=\/wp\/v2\/pages\/16\/revisions\/356"}],"up":[{"embeddable":true,"href":"https:\/\/mv-cup.de\/index.php?rest_route=\/wp\/v2\/pages\/269"}],"wp:attachment":[{"href":"https:\/\/mv-cup.de\/index.php?rest_route=%2Fwp%2Fv2%2Fmedia&parent=16"}],"curies":[{"name":"wp","href":"https:\/\/api.w.org\/{rel}","templated":true}]}}