{"id":266,"date":"2015-01-09T17:17:36","date_gmt":"2015-01-09T15:17:36","guid":{"rendered":"https:\/\/mv-cup.de\/?page_id=266"},"modified":"2016-03-02T16:18:34","modified_gmt":"2016-03-02T14:18:34","slug":"teilnehmer-2015","status":"publish","type":"page","link":"https:\/\/mv-cup.de\/?page_id=266","title":{"rendered":"Teilnehmer 2015"},"content":{"rendered":"<p style=\"text-align: center;\"><strong><span style=\"color: #808080;\">Teilnehmer 2015<\/span><\/strong><\/p>\n<p style=\"text-align: center;\"><span style=\"color: #808080;\">Hoisb\u00fcttel (M\u00e4nner)<\/span><\/p>\n<p style=\"text-align: center;\"><span style=\"color: #808080;\">Rostock (Frauen)<\/span><\/p>\n<p style=\"text-align: center;\"><span style=\"color: #808080;\">Rostock (M\u00e4nner)<\/span><\/p>\n<p style=\"text-align: center;\"><span style=\"color: #808080;\">Kuhlenfeld (M\u00e4nner)<\/span><\/p>\n<p style=\"text-align: center;\"><span style=\"color: #808080;\">Techentin (M\u00e4nner)<\/span><\/p>\n<p style=\"text-align: center;\"><span style=\"color: #808080;\">Schildetal (M\u00e4nner)<\/span><\/p>\n<p style=\"text-align: center;\"><span style=\"color: #808080;\">Reisegruppe Leezen (M\u00e4nner)<\/span><\/p>\n<p style=\"text-align: center;\"><span style=\"color: #808080;\">Team Boizetal (M\u00e4nner)<\/span><\/p>\n<p style=\"text-align: center;\"><span style=\"color: #808080;\">Gro\u00df Warnow (M\u00e4nner)<\/span><\/p>\n<p style=\"text-align: center;\"><span style=\"color: #808080;\">Team Altentreptow (M\u00e4nner)<\/span><\/p>\n<p style=\"text-align: center;\"><span style=\"color: #808080;\">Hohen Viecheln (M\u00e4nner)<\/span><\/p>\n<p style=\"text-align: center;\"><span style=\"color: #808080;\">Herrnburg (M\u00e4nner)<\/span><\/p>\n<p style=\"text-align: center;\"><span style=\"color: #808080;\">Neukloster (M\u00e4nner)<\/span><\/p>\n<p style=\"text-align: center;\"><span style=\"color: #808080;\">Kummer (M\u00e4nner)<\/span><\/p>\n<p style=\"text-align: center;\"><span style=\"color: #808080;\">Schwerin-Warnitz (M\u00e4nner)<\/span><\/p>\n<p style=\"text-align: center;\"><span style=\"color: #808080;\">Feuerwehr Gresse (Frauen)<\/span><\/p>\n<p style=\"text-align: center;\"><span style=\"color: #808080;\">Stove (M\u00e4nner)<\/span><\/p>\n<p style=\"text-align: center;\"><span style=\"color: #808080;\">Spornitz (M\u00e4nner)<\/span><\/p>\n<p style=\"text-align: center;\"><span style=\"color: #808080;\">Lindholz (M\u00e4nner)<\/span><\/p>\n<p style=\"text-align: center;\"><span style=\"color: #808080;\">Lindholz (Frauen)<\/span><\/p>\n<p style=\"text-align: center;\"><span style=\"color: #808080;\">Schwanheide (M\u00e4nner)<\/span><\/p>\n","protected":false},"excerpt":{"rendered":"<p>Teilnehmer 2015 Hoisb\u00fcttel (M\u00e4nner) Rostock (Frauen) Rostock (M\u00e4nner) Kuhlenfeld (M\u00e4nner) Techentin (M\u00e4nner) Schildetal (M\u00e4nner) Reisegruppe Leezen (M\u00e4nner) Team Boizetal (M\u00e4nner) Gro\u00df Warnow (M\u00e4nner) Team Altentreptow (M\u00e4nner) Hohen Viecheln (M\u00e4nner) Herrnburg (M\u00e4nner) Neukloster (M\u00e4nner) Kummer (M\u00e4nner) Schwerin-Warnitz (M\u00e4nner) Feuerwehr Gresse (Frauen) &hellip; <a href=\"https:\/\/mv-cup.de\/?page_id=266\">Continue reading <span class=\"meta-nav\">&rarr;<\/span><\/a><\/p>\n","protected":false},"author":2,"featured_media":0,"parent":269,"menu_order":1,"comment_status":"closed","ping_status":"closed","template":"onecolumn-page.php","meta":[],"_links":{"self":[{"href":"https:\/\/mv-cup.de\/index.php?rest_route=\/wp\/v2\/pages\/266"}],"collection":[{"href":"https:\/\/mv-cup.de\/index.php?rest_route=\/wp\/v2\/pages"}],"about":[{"href":"https:\/\/mv-cup.de\/index.php?rest_route=\/wp\/v2\/types\/page"}],"author":[{"embeddable":true,"href":"https:\/\/mv-cup.de\/index.php?rest_route=\/wp\/v2\/users\/2"}],"replies":[{"embeddable":true,"href":"https:\/\/mv-cup.de\/index.php?rest_route=%2Fwp%2Fv2%2Fcomments&post=266"}],"version-history":[{"count":14,"href":"https:\/\/mv-cup.de\/index.php?rest_route=\/wp\/v2\/pages\/266\/revisions"}],"predecessor-version":[{"id":355,"href":"https:\/\/mv-cup.de\/index.php?rest_route=\/wp\/v2\/pages\/266\/revisions\/355"}],"up":[{"embeddable":true,"href":"https:\/\/mv-cup.de\/index.php?rest_route=\/wp\/v2\/pages\/269"}],"wp:attachment":[{"href":"https:\/\/mv-cup.de\/index.php?rest_route=%2Fwp%2Fv2%2Fmedia&parent=266"}],"curies":[{"name":"wp","href":"https:\/\/api.w.org\/{rel}","templated":true}]}}