{"id":644,"date":"2018-11-11T21:28:21","date_gmt":"2018-11-11T19:28:21","guid":{"rendered":"https:\/\/mv-cup.de\/?page_id=644"},"modified":"2018-11-11T21:30:00","modified_gmt":"2018-11-11T19:30:00","slug":"teilnehmer-2018","status":"publish","type":"page","link":"https:\/\/mv-cup.de\/?page_id=644","title":{"rendered":"Teilnehmer 2018"},"content":{"rendered":"<p style=\"text-align: center;\"><strong>M\u00e4nnermannschaften<\/strong><\/p>\n<p style=\"text-align: center;\">FF Werder<\/p>\n<p style=\"text-align: center;\">FF Hohen Viecheln<\/p>\n<p style=\"text-align: center;\">FF Schwerin-Warnitz<\/p>\n<p style=\"text-align: center;\">FF Kummer<\/p>\n<p style=\"text-align: center;\">FF Stove<\/p>\n<p style=\"text-align: center;\">FF Gro\u00df Warnow<\/p>\n<p style=\"text-align: center;\">FF Spornitz<\/p>\n<p style=\"text-align: center;\">FF Schildetal<\/p>\n<p style=\"text-align: center;\">FF Neukloster<\/p>\n<p style=\"text-align: center;\">Team K\u00f6nigsfeld<\/p>\n<p style=\"text-align: center;\">FF Hohewisch<\/p>\n<p style=\"text-align: center;\">FF Kuhlenfeld<\/p>\n<p style=\"text-align: center;\">Team Boizetal<\/p>\n<p style=\"text-align: center;\">FF Techentin<\/p>\n<p style=\"text-align: center;\">Amt Sch\u00f6nberger Land<\/p>\n<p style=\"text-align: center;\"><strong>Frauenmannschaften<\/strong><\/p>\n<p style=\"text-align: center;\">FF Stove<\/p>\n<p style=\"text-align: center;\">FF Gresse<\/p>\n<p style=\"text-align: center;\">FF Beidendorf<\/p>\n<p style=\"text-align: center;\">FF Schildetal<\/p>\n","protected":false},"excerpt":{"rendered":"<p>M\u00e4nnermannschaften FF Werder FF Hohen Viecheln FF Schwerin-Warnitz FF Kummer FF Stove FF Gro\u00df Warnow FF Spornitz FF Schildetal FF Neukloster Team K\u00f6nigsfeld FF Hohewisch FF Kuhlenfeld Team Boizetal FF Techentin Amt Sch\u00f6nberger Land Frauenmannschaften FF Stove FF Gresse FF &hellip; <a href=\"https:\/\/mv-cup.de\/?page_id=644\">Continue reading <span class=\"meta-nav\">&rarr;<\/span><\/a><\/p>\n","protected":false},"author":2,"featured_media":0,"parent":269,"menu_order":0,"comment_status":"closed","ping_status":"closed","template":"","meta":[],"_links":{"self":[{"href":"https:\/\/mv-cup.de\/index.php?rest_route=\/wp\/v2\/pages\/644"}],"collection":[{"href":"https:\/\/mv-cup.de\/index.php?rest_route=\/wp\/v2\/pages"}],"about":[{"href":"https:\/\/mv-cup.de\/index.php?rest_route=\/wp\/v2\/types\/page"}],"author":[{"embeddable":true,"href":"https:\/\/mv-cup.de\/index.php?rest_route=\/wp\/v2\/users\/2"}],"replies":[{"embeddable":true,"href":"https:\/\/mv-cup.de\/index.php?rest_route=%2Fwp%2Fv2%2Fcomments&post=644"}],"version-history":[{"count":2,"href":"https:\/\/mv-cup.de\/index.php?rest_route=\/wp\/v2\/pages\/644\/revisions"}],"predecessor-version":[{"id":646,"href":"https:\/\/mv-cup.de\/index.php?rest_route=\/wp\/v2\/pages\/644\/revisions\/646"}],"up":[{"embeddable":true,"href":"https:\/\/mv-cup.de\/index.php?rest_route=\/wp\/v2\/pages\/269"}],"wp:attachment":[{"href":"https:\/\/mv-cup.de\/index.php?rest_route=%2Fwp%2Fv2%2Fmedia&parent=644"}],"curies":[{"name":"wp","href":"https:\/\/api.w.org\/{rel}","templated":true}]}}