{"id":81,"date":"2014-03-28T15:52:13","date_gmt":"2014-03-28T13:52:13","guid":{"rendered":"https:\/\/mv-cup.de\/?page_id=81"},"modified":"2018-05-05T16:51:44","modified_gmt":"2018-05-05T14:51:44","slug":"maenner","status":"publish","type":"page","link":"https:\/\/mv-cup.de\/?page_id=81","title":{"rendered":"M\u00e4nner"},"content":{"rendered":"<p style=\"text-align: center;\"><strong>2017<\/strong><\/p>\n<p style=\"text-align: center;\"><a href=\"https:\/\/mv-cup.de\/wp-content\/uploads\/2017\/04\/1.-MV-Cup-HV-M\u00e4nner.pdf\">1. MV-Cup Hohen Viecheln M\u00e4nner<\/a><\/p>\n<p style=\"text-align: center;\"><a href=\"https:\/\/mv-cup.de\/wp-content\/uploads\/2017\/04\/2.-MV-Cup-Schwartow-M\u00e4nner.pdf\">2. MV-Cup Schwartow M\u00e4nner<\/a><\/p>\n<p style=\"text-align: center;\"><a href=\"https:\/\/mv-cup.de\/wp-content\/uploads\/2017\/04\/3.-MV-Cup-Schwerin-M\u00e4nner.pdf\">3. MV-Cup Schwerin M\u00e4nner<\/a><\/p>\n<p style=\"text-align: center;\"><a href=\"https:\/\/mv-cup.de\/wp-content\/uploads\/2017\/04\/4.-MV-Cup-Kummer-M\u00e4nner.pdf\">4. MV-Cup Kummer M\u00e4nner<\/a><\/p>\n<p>&nbsp;<\/p>\n<p style=\"text-align: center;\"><strong>2016<\/strong><\/p>\n<p style=\"text-align: center;\"><a href=\"https:\/\/mv-cup.de\/wp-content\/uploads\/2016\/05\/20160521_M\u00e4nner.pdf\">Erster Wettkampftag Tageswertung M\u00e4nner<\/a><\/p>\n<p style=\"text-align: center;\"><a href=\"https:\/\/mv-cup.de\/wp-content\/uploads\/2016\/06\/20160604_M\u00e4nner.pdf\">Zweiter Wettkampftag Tageswertung M\u00e4nner<\/a><\/p>\n<p style=\"text-align: center;\"><a href=\"https:\/\/mv-cup.de\/wp-content\/uploads\/2016\/03\/20160618_M\u00e4nner.pdf\">Dritter Wettkampftag Tageswertung M\u00e4nner<\/a><\/p>\n<p style=\"text-align: center;\"><a href=\"https:\/\/mv-cup.de\/wp-content\/uploads\/2016\/03\/20160709_M\u00e4nner.pdf\">Vierter Wettkampftag Tageswertung M\u00e4nner<\/a><\/p>\n<p style=\"text-align: center;\"><a href=\"https:\/\/mv-cup.de\/wp-content\/uploads\/2014\/03\/2015_Tageswertung-M\u00e4nner.pdf\">2015_Tageswertung M\u00e4nner<\/a>Erster Wettkampftag Hohen Viecheln<\/p>\n<p style=\"text-align: center;\"><a href=\"https:\/\/mv-cup.de\/wp-content\/uploads\/2014\/03\/2015_Tageswertung-M\u00e4nner1.pdf\">2015_Tageswertung M\u00e4nner<\/a>Zweiter Wertungslauf Schwerin-Warnitz<\/p>\n<p style=\"text-align: center;\"><a href=\"https:\/\/mv-cup.de\/wp-content\/uploads\/2014\/03\/2015_Tageswertung-M\u00e4nner-13.06..pdf\">2015_Tageswertung M\u00e4nner 13.06.<\/a>Dritter Wertungslauf Lindholz<\/p>\n<p style=\"text-align: center;\"><a href=\"https:\/\/mv-cup.de\/wp-content\/uploads\/2014\/03\/2015_Tageswertung-M\u00e4nner2.pdf\">2015_Tageswertung M\u00e4nner<\/a>Vierter Wertungslauf Kummer<\/p>\n","protected":false},"excerpt":{"rendered":"<p>2017 1. MV-Cup Hohen Viecheln M\u00e4nner 2. MV-Cup Schwartow M\u00e4nner 3. MV-Cup Schwerin M\u00e4nner 4. MV-Cup Kummer M\u00e4nner &nbsp; 2016 Erster Wettkampftag Tageswertung M\u00e4nner Zweiter Wettkampftag Tageswertung M\u00e4nner Dritter Wettkampftag Tageswertung M\u00e4nner Vierter Wettkampftag Tageswertung M\u00e4nner 2015_Tageswertung M\u00e4nnerErster Wettkampftag Hohen &hellip; <a href=\"https:\/\/mv-cup.de\/?page_id=81\">Continue reading <span class=\"meta-nav\">&rarr;<\/span><\/a><\/p>\n","protected":false},"author":2,"featured_media":0,"parent":79,"menu_order":0,"comment_status":"closed","ping_status":"closed","template":"onecolumn-page.php","meta":[],"_links":{"self":[{"href":"https:\/\/mv-cup.de\/index.php?rest_route=\/wp\/v2\/pages\/81"}],"collection":[{"href":"https:\/\/mv-cup.de\/index.php?rest_route=\/wp\/v2\/pages"}],"about":[{"href":"https:\/\/mv-cup.de\/index.php?rest_route=\/wp\/v2\/types\/page"}],"author":[{"embeddable":true,"href":"https:\/\/mv-cup.de\/index.php?rest_route=\/wp\/v2\/users\/2"}],"replies":[{"embeddable":true,"href":"https:\/\/mv-cup.de\/index.php?rest_route=%2Fwp%2Fv2%2Fcomments&post=81"}],"version-history":[{"count":15,"href":"https:\/\/mv-cup.de\/index.php?rest_route=\/wp\/v2\/pages\/81\/revisions"}],"predecessor-version":[{"id":603,"href":"https:\/\/mv-cup.de\/index.php?rest_route=\/wp\/v2\/pages\/81\/revisions\/603"}],"up":[{"embeddable":true,"href":"https:\/\/mv-cup.de\/index.php?rest_route=\/wp\/v2\/pages\/79"}],"wp:attachment":[{"href":"https:\/\/mv-cup.de\/index.php?rest_route=%2Fwp%2Fv2%2Fmedia&parent=81"}],"curies":[{"name":"wp","href":"https:\/\/api.w.org\/{rel}","templated":true}]}}