{"id":85,"date":"2014-03-28T15:53:17","date_gmt":"2014-03-28T13:53:17","guid":{"rendered":"https:\/\/mv-cup.de\/?page_id=85"},"modified":"2018-05-05T16:54:41","modified_gmt":"2018-05-05T14:54:41","slug":"gesamtwertungen","status":"publish","type":"page","link":"https:\/\/mv-cup.de\/?page_id=85","title":{"rendered":"Gesamtwertungen"},"content":{"rendered":"<p style=\"text-align: center;\"><a href=\"https:\/\/mv-cup.de\/wp-content\/uploads\/2017\/04\/Gesamtwertung-M\u00e4nner-2017.pdf\">Gesamtwertung M\u00e4nner 2017<\/a><\/p>\n<p style=\"text-align: center;\"><a href=\"https:\/\/mv-cup.de\/wp-content\/uploads\/2017\/04\/Gesamtwertung-Frauen-2017.pdf\">Gesamtwertung Frauen 2017<\/a><\/p>\n<p style=\"text-align: center;\"><a href=\"https:\/\/mv-cup.de\/wp-content\/uploads\/2016\/03\/2016_Gesamtwertung.pdf\">Gesamtwertung 2016<\/a><\/p>\n<p style=\"text-align: center;\"><a href=\"https:\/\/mv-cup.de\/wp-content\/uploads\/2014\/03\/2015_Gesamtwertung-Frauen.pdf\">2015_Gesamtwertung Frauen<\/a><\/p>\n<p style=\"text-align: center;\"><a href=\"https:\/\/mv-cup.de\/wp-content\/uploads\/2014\/03\/2015_Gesamtwertung-M\u00e4nner.pdf\">2015_Gesamtwertung M\u00e4nner<\/a><\/p>\n<p style=\"text-align: center;\"><a href=\"https:\/\/mv-cup.de\/wp-content\/uploads\/2014\/07\/2014_Gesamtwertung_Frauen.pdf\">2014 Gesamtwertung Frauen<\/a><\/p>\n<p style=\"text-align: center;\"><a href=\"https:\/\/mv-cup.de\/wp-content\/uploads\/2014\/07\/2014_Gesamtwertung_M\u00e4nner.pdf\">2014 Gesamtwertung M\u00e4nner<\/a><\/p>\n<p style=\"text-align: center;\"><a href=\"https:\/\/mv-cup.de\/wp-content\/uploads\/2014\/03\/2013_Gesamtwertung_Frauen.pdf\">2013 Gesamtwertung Frauen<\/a><\/p>\n<p style=\"text-align: center;\"><a href=\"https:\/\/mv-cup.de\/wp-content\/uploads\/2014\/03\/2013_Gesamtwertung_M\u00e4nner.pdf\">2013 Gesamtwertung M\u00e4nner<\/a><\/p>\n","protected":false},"excerpt":{"rendered":"<p>Gesamtwertung M\u00e4nner 2017 Gesamtwertung Frauen 2017 Gesamtwertung 2016 2015_Gesamtwertung Frauen 2015_Gesamtwertung M\u00e4nner 2014 Gesamtwertung Frauen 2014 Gesamtwertung M\u00e4nner 2013 Gesamtwertung Frauen 2013 Gesamtwertung M\u00e4nner<\/p>\n","protected":false},"author":2,"featured_media":0,"parent":68,"menu_order":1,"comment_status":"closed","ping_status":"closed","template":"onecolumn-page.php","meta":[],"_links":{"self":[{"href":"https:\/\/mv-cup.de\/index.php?rest_route=\/wp\/v2\/pages\/85"}],"collection":[{"href":"https:\/\/mv-cup.de\/index.php?rest_route=\/wp\/v2\/pages"}],"about":[{"href":"https:\/\/mv-cup.de\/index.php?rest_route=\/wp\/v2\/types\/page"}],"author":[{"embeddable":true,"href":"https:\/\/mv-cup.de\/index.php?rest_route=\/wp\/v2\/users\/2"}],"replies":[{"embeddable":true,"href":"https:\/\/mv-cup.de\/index.php?rest_route=%2Fwp%2Fv2%2Fcomments&post=85"}],"version-history":[{"count":6,"href":"https:\/\/mv-cup.de\/index.php?rest_route=\/wp\/v2\/pages\/85\/revisions"}],"predecessor-version":[{"id":605,"href":"https:\/\/mv-cup.de\/index.php?rest_route=\/wp\/v2\/pages\/85\/revisions\/605"}],"up":[{"embeddable":true,"href":"https:\/\/mv-cup.de\/index.php?rest_route=\/wp\/v2\/pages\/68"}],"wp:attachment":[{"href":"https:\/\/mv-cup.de\/index.php?rest_route=%2Fwp%2Fv2%2Fmedia&parent=85"}],"curies":[{"name":"wp","href":"https:\/\/api.w.org\/{rel}","templated":true}]}}